{"id":1740,"date":"2022-06-15T07:44:53","date_gmt":"2022-06-15T07:44:53","guid":{"rendered":"https:\/\/kaeferenergy.no\/produkter\/"},"modified":"2025-04-08T17:13:16","modified_gmt":"2025-04-08T17:13:16","slug":"products","status":"publish","type":"page","link":"https:\/\/kaeferenergy.no\/en\/products\/","title":{"rendered":"Products"},"content":{"rendered":"<section class=\"l-section wpb_row height_medium\"><div class=\"l-section-h i-cf\"><div class=\"g-cols vc_row via_flex valign_top type_default stacking_default\"><div class=\"vc_col-sm-6 wpb_column vc_column_container\"><div class=\"vc_column-inner\"><div class=\"wpb_wrapper\"><div class=\"wpb_text_column small-h1\"><div class=\"wpb_wrapper\"><h1>Products<\/h1>\n<\/div><\/div><\/div><\/div><\/div><div class=\"vc_col-sm-6 wpb_column vc_column_container\"><div class=\"vc_column-inner\"><div class=\"wpb_wrapper\"><div class=\"wpb_text_column\"><div class=\"wpb_wrapper\"><p><strong>ENERGY Products\u00ae<\/strong>\u00a0is the name\u00a0of KAEFER Energy&#8217;s product range.<\/p>\n<\/div><\/div><\/div><\/div><\/div><\/div><\/div><\/section><section class=\"l-section wpb_row produktkategorier height_medium color_alternate\"><div class=\"l-section-h i-cf\"><div class=\"g-cols vc_row via_flex valign_top type_default stacking_default\"><div class=\"vc_col-sm-12 wpb_column vc_column_container\"><div class=\"vc_column-inner\"><div class=\"wpb_wrapper\"><div class=\"w-grid type_grid layout_186 cols_3 with_css_animation\" id=\"us_grid_1\" style=\"--gap:1.5rem;\"><style>@media (max-width:1024px){#us_grid_1 .w-grid-item{width:50%}}@media (max-width:768px){#us_grid_1 .w-grid-list{margin:0}#us_grid_1 .w-grid-item{width:100%;padding:0;margin-bottom:var(--gap,0px)}}.layout_186 .w-grid-item-h{}.layout_186 .usg_post_content_1{font-family:var(--font-family)!important;margin-bottom:1.5rem!important}.layout_186 .usg_image_1{width:20px!important;position:absolute!important}.layout_186 .usg_image_2{width:20px!important;position:absolute!important}@media (min-width:1025px) and (max-width:1280px){.layout_186 .usg_post_content_1{font-family:var(--font-family)!important;margin-bottom:1.5rem!important}.layout_186 .usg_image_1{width:20px!important;position:absolute!important}.layout_186 .usg_image_2{width:20px!important;position:absolute!important}}@media (min-width:769px) and (max-width:1024px){.layout_186 .usg_post_content_1{font-family:var(--font-family)!important;margin-bottom:1.5rem!important}.layout_186 .usg_image_1{width:20px!important;position:absolute!important}.layout_186 .usg_image_2{width:20px!important;position:absolute!important}}@media (max-width:768px){.layout_186 .usg_post_content_1{font-family:var(--font-family)!important;margin-bottom:1.5rem!important}.layout_186 .usg_image_1{width:20px!important;position:absolute!important}.layout_186 .usg_image_2{width:20px!important;position:absolute!important}}<\/style><div class=\"w-grid-list\">\t<div class=\"w-grid-item type_term term-2 term-isoleringsprodukter us_animate_afl ratio_1x1\" style=\"animation-delay:0s\">\r\n\t\t<div class=\"w-grid-item-h\">\r\n\t\t\t\t\t\t\t<a href=\"https:\/\/kaeferenergy.no\/produktkategori\/isoleringsprodukter\/\" class=\"w-grid-item-anchor\" aria-label=\"Isoleringsprodukter\"><\/a>\r\n\t\t\t\t\t\t<div class=\"w-vwrapper usg_vwrapper_1 produktkategori-wrapper align_none valign_top\"><h3 class=\"w-post-elm post_title usg_post_title_1 max-one-line entry-title color_link_inherit\">Isoleringsprodukter<\/h3><div class=\"w-post-elm post_content usg_post_content_1 max-two-lines\">Valg av isoleringsprodukter er avgj\u00f8rende for b\u00e5de sikkerhet og energieffektivitet. KAEFER tilbyr et bredt spekter av isoleringsl\u00f8sninger som dekker behov&hellip;<\/div><div class=\"w-vwrapper usg_vwrapper_2 arrow-wrapper align_none valign_top\"><div class=\"w-image usg_image_1 arrow-red\"><div class=\"w-image-h\"><img loading=\"lazy\" decoding=\"async\" width=\"55\" height=\"46\" src=\"https:\/\/kaeferenergy.no\/wp-content\/uploads\/2022\/06\/Arrow-kaefer.svg\" class=\"attachment-large size-large\" alt=\"Arrow\" \/><\/div><\/div><div class=\"w-image usg_image_2 arrow-white\"><div class=\"w-image-h\"><img loading=\"lazy\" decoding=\"async\" width=\"55\" height=\"46\" src=\"https:\/\/kaeferenergy.no\/wp-content\/uploads\/2022\/06\/arrow-kaefer-white.svg\" class=\"attachment-large size-large\" alt=\"icon\" \/><\/div><\/div><\/div><\/div>\t\t<\/div>\r\n\t<\/div>\r\n\t<div class=\"w-grid-item type_term term-7 term-stillas-og-lofteprodukter us_animate_afl ratio_1x1\" style=\"animation-delay:0.1s\">\r\n\t\t<div class=\"w-grid-item-h\">\r\n\t\t\t\t\t\t\t<a href=\"https:\/\/kaeferenergy.no\/produktkategori\/stillas-og-lofteprodukter\/\" class=\"w-grid-item-anchor\" aria-label=\"Stillas- og l\u00f8fteprodukter\"><\/a>\r\n\t\t\t\t\t\t<div class=\"w-vwrapper usg_vwrapper_1 produktkategori-wrapper align_none valign_top\"><h3 class=\"w-post-elm post_title usg_post_title_1 max-one-line entry-title color_link_inherit\">Stillas- og l\u00f8fteprodukter<\/h3><div class=\"w-post-elm post_content usg_post_content_1 max-two-lines\">Utvikling av stillas- og l\u00f8fteprodukter oppst\u00e5r gjerne i sammenheng med at prosjektpersonellet har et behov eller utfordring innen tilkomst som&hellip;<\/div><div class=\"w-vwrapper usg_vwrapper_2 arrow-wrapper align_none valign_top\"><div class=\"w-image usg_image_1 arrow-red\"><div class=\"w-image-h\"><img loading=\"lazy\" decoding=\"async\" width=\"55\" height=\"46\" src=\"https:\/\/kaeferenergy.no\/wp-content\/uploads\/2022\/06\/Arrow-kaefer.svg\" class=\"attachment-large size-large\" alt=\"Arrow\" \/><\/div><\/div><div class=\"w-image usg_image_2 arrow-white\"><div class=\"w-image-h\"><img loading=\"lazy\" decoding=\"async\" width=\"55\" height=\"46\" src=\"https:\/\/kaeferenergy.no\/wp-content\/uploads\/2022\/06\/arrow-kaefer-white.svg\" class=\"attachment-large size-large\" alt=\"icon\" \/><\/div><\/div><\/div><\/div>\t\t<\/div>\r\n\t<\/div>\r\n\t<div class=\"w-grid-item type_term term-9 term-innredningsprodukter us_animate_afl ratio_1x1\" style=\"animation-delay:0.2s\">\r\n\t\t<div class=\"w-grid-item-h\">\r\n\t\t\t\t\t\t\t<a href=\"https:\/\/kaeferenergy.no\/produktkategori\/innredningsprodukter\/\" class=\"w-grid-item-anchor\" aria-label=\"Innredningsprodukter\"><\/a>\r\n\t\t\t\t\t\t<div class=\"w-vwrapper usg_vwrapper_1 produktkategori-wrapper align_none valign_top\"><h3 class=\"w-post-elm post_title usg_post_title_1 max-one-line entry-title color_link_inherit\">Innredningsprodukter<\/h3><div class=\"w-post-elm post_content usg_post_content_1 max-two-lines\">KAEFER har lang erfaring innen innredning- og arkitektarbeid, og innehar h\u00f8y kompetanse om funksjonalitet relatert til m\u00f8bler og gulv, samt&hellip;<\/div><div class=\"w-vwrapper usg_vwrapper_2 arrow-wrapper align_none valign_top\"><div class=\"w-image usg_image_1 arrow-red\"><div class=\"w-image-h\"><img loading=\"lazy\" decoding=\"async\" width=\"55\" height=\"46\" src=\"https:\/\/kaeferenergy.no\/wp-content\/uploads\/2022\/06\/Arrow-kaefer.svg\" class=\"attachment-large size-large\" alt=\"Arrow\" \/><\/div><\/div><div class=\"w-image usg_image_2 arrow-white\"><div class=\"w-image-h\"><img loading=\"lazy\" decoding=\"async\" width=\"55\" height=\"46\" src=\"https:\/\/kaeferenergy.no\/wp-content\/uploads\/2022\/06\/arrow-kaefer-white.svg\" class=\"attachment-large size-large\" alt=\"icon\" \/><\/div><\/div><\/div><\/div>\t\t<\/div>\r\n\t<\/div>\r\n<\/div>\t<div class=\"w-grid-json hidden\" onclick='return {&quot;template_vars&quot;:{&quot;lang&quot;:&quot;en&quot;}}'><\/div>\r\n\t<\/div><div class=\"w-separator size_medium\"><\/div><\/div><\/div><\/div><\/div><\/div><\/section><section class=\"l-section wpb_row height_medium\"><div class=\"l-section-h i-cf\"><div class=\"g-cols vc_row via_flex valign_top type_default stacking_default\"><div class=\"vc_col-sm-6 wpb_column vc_column_container sticky\"><div class=\"vc_column-inner\"><div class=\"wpb_wrapper\"><div class=\"w-image produkter-oversikt-image align_none\"><div class=\"w-image-h\"><img loading=\"lazy\" decoding=\"async\" width=\"1928\" height=\"2560\" src=\"https:\/\/kaeferenergy.no\/wp-content\/uploads\/2025\/04\/Kasse-scaled-1.jpg\" class=\"attachment-full size-full\" alt=\"\" srcset=\"https:\/\/kaeferenergy.no\/wp-content\/uploads\/2025\/04\/Kasse-scaled-1.jpg 1928w, https:\/\/kaeferenergy.no\/wp-content\/uploads\/2025\/04\/Kasse-scaled-1-226x300.jpg 226w, https:\/\/kaeferenergy.no\/wp-content\/uploads\/2025\/04\/Kasse-scaled-1-771x1024.jpg 771w\" sizes=\"auto, (max-width: 1928px) 100vw, 1928px\" \/><\/div><\/div><\/div><\/div><\/div><div class=\"vc_col-sm-6 wpb_column vc_column_container\"><div class=\"vc_column-inner\"><div class=\"wpb_wrapper\"><div class=\"w-separator size_small\"><\/div><p class=\"w-text us_custom_fb59efae tagline has_text_color\"><span class=\"w-text-h\"><span class=\"w-text-value\">Product range<\/span><\/span><\/p><div class=\"wpb_text_column\"><div class=\"wpb_wrapper\"><p>ENERGY Products\u00ae is KAEFER&#8217;s product range developed in cooperation with our operating units for insulation, access, surface protection and interior outfitting.<\/p>\n<p>Engineering also plays an important role in this collaboration. Our engineers work in an innovative and inspiring environment, which contributes to increased competence and further development of skills and knowledge. KAEFER invests significant resources in technology development in our fields, often in collaboration with customers and suppliers. Communication with operators in the field is also an important tool for gathering ideas and feedback. This encourages further innovative thinking and the development of new products that improve HSEQ, costs and efficiency.<\/p>\n<\/div><\/div><div class=\"w-separator size_huge\"><\/div><div class=\"wpb_text_column\"><div class=\"wpb_wrapper\"><h3>Passive fire protection products and combi-classifications<\/h3>\n<p>Several of our development projects focus on creating new fire technical solutions and products. These new products require extensive testing. In addition to fire and explosion testing, tests must also be performed to document properties such as thermal insulation, noise reduction, and corrosion protection to handle combination classes.<\/p>\n<\/div><\/div><div class=\"w-separator size_huge\"><\/div><div class=\"wpb_text_column\"><div class=\"wpb_wrapper\"><h3>Noise, heat and vibration<\/h3>\n<p>The development and improvement of processes and equipment is an important focus for us. Such projects are often aimed at achieving improved HSEQ properties. Noise, heat and vibration are among the largest causes of injury and illness in the process industries, and our disciplines are among the most exposed occupational groups.<\/p>\n<\/div><\/div><div class=\"w-separator size_huge\"><\/div><div class=\"wpb_text_column\"><div class=\"wpb_wrapper\"><h3>Digisurv<\/h3>\n<p>Digisurv is the surveying app that ensures high accuracy and quality throughout the entire process &#8211; from surveying and design to production and installation. The app generates accurate 3D models and CNC-ready files, ensuring a seamless workflow and eliminating errors. When the insulation pieces are ready, Digisurv also serves as an installation guide, allowing us to deliver quality every time. With Digisurv, we work smarter, faster and more efficiently &#8211; ensuring precision in every detail.<\/p>\n<\/div><\/div><div class=\"w-separator size_huge\"><\/div><div class=\"wpb_text_column\"><div class=\"wpb_wrapper\"><h3>Energy loss assessment<\/h3>\n<p>KAEFER has the equipment and expertise to evaluate the energy loss of insulated objects. It is economically desirable to limit energy consumption, and most companies can reduce their energy consumption with limited investment.<\/p>\n<\/div><\/div><div class=\"w-separator size_huge\"><\/div><\/div><\/div><\/div><\/div><\/div><\/section>\n","protected":false},"excerpt":{"rendered":"Products ENERGY Products\u00ae\u00a0is the name\u00a0of KAEFER Energy&#8217;s product range. IsoleringsprodukterValg av isoleringsprodukter er avgj\u00f8rende for b\u00e5de sikkerhet og energieffektivitet. KAEFER tilbyr et bredt spekter av isoleringsl\u00f8sninger som dekker behov&hellip; Stillas- og l\u00f8fteprodukterUtvikling av stillas- og l\u00f8fteprodukter oppst\u00e5r gjerne i sammenheng med at prosjektpersonellet har et behov eller utfordring innen tilkomst som&hellip; InnredningsprodukterKAEFER har lang erfaring...","protected":false},"author":2,"featured_media":0,"parent":0,"menu_order":0,"comment_status":"closed","ping_status":"closed","template":"","meta":{"footnotes":""},"class_list":["post-1740","page","type-page","status-publish","hentry"],"acf":[],"yoast_head":"<!-- This site is optimized with the Yoast SEO plugin v22.2 - https:\/\/yoast.com\/wordpress\/plugins\/seo\/ -->\n<title>Products | KAEFER<\/title>\n<meta name=\"robots\" content=\"index, follow, max-snippet:-1, max-image-preview:large, max-video-preview:-1\" \/>\n<link rel=\"canonical\" href=\"https:\/\/kaeferenergy.no\/en\/products\/\" \/>\n<meta property=\"og:locale\" content=\"en_US\" \/>\n<meta property=\"og:type\" content=\"article\" \/>\n<meta property=\"og:title\" content=\"Products | KAEFER\" \/>\n<meta property=\"og:url\" content=\"https:\/\/kaeferenergy.no\/en\/products\/\" \/>\n<meta property=\"og:site_name\" content=\"KAEFER\" \/>\n<meta property=\"article:modified_time\" content=\"2025-04-08T17:13:16+00:00\" \/>\n<meta name=\"twitter:card\" content=\"summary_large_image\" \/>\n<meta name=\"twitter:label1\" content=\"Est. reading time\" \/>\n\t<meta name=\"twitter:data1\" content=\"2 minutes\" \/>\n<script type=\"application\/ld+json\" class=\"yoast-schema-graph\">{\"@context\":\"https:\/\/schema.org\",\"@graph\":[{\"@type\":\"WebPage\",\"@id\":\"https:\/\/kaeferenergy.no\/en\/products\/\",\"url\":\"https:\/\/kaeferenergy.no\/en\/products\/\",\"name\":\"Products | KAEFER\",\"isPartOf\":{\"@id\":\"https:\/\/kaeferenergy.no\/#website\"},\"datePublished\":\"2022-06-15T07:44:53+00:00\",\"dateModified\":\"2025-04-08T17:13:16+00:00\",\"breadcrumb\":{\"@id\":\"https:\/\/kaeferenergy.no\/en\/products\/#breadcrumb\"},\"inLanguage\":\"en-US\",\"potentialAction\":[{\"@type\":\"ReadAction\",\"target\":[\"https:\/\/kaeferenergy.no\/en\/products\/\"]}]},{\"@type\":\"BreadcrumbList\",\"@id\":\"https:\/\/kaeferenergy.no\/en\/products\/#breadcrumb\",\"itemListElement\":[{\"@type\":\"ListItem\",\"position\":1,\"name\":\"Home\",\"item\":\"https:\/\/kaeferenergy.no\/en\/\"},{\"@type\":\"ListItem\",\"position\":2,\"name\":\"Products\"}]},{\"@type\":\"WebSite\",\"@id\":\"https:\/\/kaeferenergy.no\/#website\",\"url\":\"https:\/\/kaeferenergy.no\/\",\"name\":\"KAEFER\",\"description\":\"Let&#039;s talk change\",\"publisher\":{\"@id\":\"https:\/\/kaeferenergy.no\/#organization\"},\"potentialAction\":[{\"@type\":\"SearchAction\",\"target\":{\"@type\":\"EntryPoint\",\"urlTemplate\":\"https:\/\/kaeferenergy.no\/?s={search_term_string}\"},\"query-input\":\"required name=search_term_string\"}],\"inLanguage\":\"en-US\"},{\"@type\":\"Organization\",\"@id\":\"https:\/\/kaeferenergy.no\/#organization\",\"name\":\"KAEFER Energy\",\"url\":\"https:\/\/kaeferenergy.no\/\",\"logo\":{\"@type\":\"ImageObject\",\"inLanguage\":\"en-US\",\"@id\":\"https:\/\/kaeferenergy.no\/#\/schema\/logo\/image\/\",\"url\":\"https:\/\/kaeferenergy.no\/wp-content\/uploads\/2022\/06\/logo.svg\",\"contentUrl\":\"https:\/\/kaeferenergy.no\/wp-content\/uploads\/2022\/06\/logo.svg\",\"width\":204,\"height\":25,\"caption\":\"KAEFER Energy\"},\"image\":{\"@id\":\"https:\/\/kaeferenergy.no\/#\/schema\/logo\/image\/\"},\"sameAs\":[\"https:\/\/www.linkedin.com\/company\/kaefer-energy-as\/\"]}]}<\/script>\n<!-- \/ Yoast SEO plugin. -->","yoast_head_json":{"title":"Products | KAEFER","robots":{"index":"index","follow":"follow","max-snippet":"max-snippet:-1","max-image-preview":"max-image-preview:large","max-video-preview":"max-video-preview:-1"},"canonical":"https:\/\/kaeferenergy.no\/en\/products\/","og_locale":"en_US","og_type":"article","og_title":"Products | KAEFER","og_url":"https:\/\/kaeferenergy.no\/en\/products\/","og_site_name":"KAEFER","article_modified_time":"2025-04-08T17:13:16+00:00","twitter_card":"summary_large_image","twitter_misc":{"Est. reading time":"2 minutes"},"schema":{"@context":"https:\/\/schema.org","@graph":[{"@type":"WebPage","@id":"https:\/\/kaeferenergy.no\/en\/products\/","url":"https:\/\/kaeferenergy.no\/en\/products\/","name":"Products | KAEFER","isPartOf":{"@id":"https:\/\/kaeferenergy.no\/#website"},"datePublished":"2022-06-15T07:44:53+00:00","dateModified":"2025-04-08T17:13:16+00:00","breadcrumb":{"@id":"https:\/\/kaeferenergy.no\/en\/products\/#breadcrumb"},"inLanguage":"en-US","potentialAction":[{"@type":"ReadAction","target":["https:\/\/kaeferenergy.no\/en\/products\/"]}]},{"@type":"BreadcrumbList","@id":"https:\/\/kaeferenergy.no\/en\/products\/#breadcrumb","itemListElement":[{"@type":"ListItem","position":1,"name":"Home","item":"https:\/\/kaeferenergy.no\/en\/"},{"@type":"ListItem","position":2,"name":"Products"}]},{"@type":"WebSite","@id":"https:\/\/kaeferenergy.no\/#website","url":"https:\/\/kaeferenergy.no\/","name":"KAEFER","description":"Let&#039;s talk change","publisher":{"@id":"https:\/\/kaeferenergy.no\/#organization"},"potentialAction":[{"@type":"SearchAction","target":{"@type":"EntryPoint","urlTemplate":"https:\/\/kaeferenergy.no\/?s={search_term_string}"},"query-input":"required name=search_term_string"}],"inLanguage":"en-US"},{"@type":"Organization","@id":"https:\/\/kaeferenergy.no\/#organization","name":"KAEFER Energy","url":"https:\/\/kaeferenergy.no\/","logo":{"@type":"ImageObject","inLanguage":"en-US","@id":"https:\/\/kaeferenergy.no\/#\/schema\/logo\/image\/","url":"https:\/\/kaeferenergy.no\/wp-content\/uploads\/2022\/06\/logo.svg","contentUrl":"https:\/\/kaeferenergy.no\/wp-content\/uploads\/2022\/06\/logo.svg","width":204,"height":25,"caption":"KAEFER Energy"},"image":{"@id":"https:\/\/kaeferenergy.no\/#\/schema\/logo\/image\/"},"sameAs":["https:\/\/www.linkedin.com\/company\/kaefer-energy-as\/"]}]}},"_links":{"self":[{"href":"https:\/\/kaeferenergy.no\/en\/wp-json\/wp\/v2\/pages\/1740","targetHints":{"allow":["GET"]}}],"collection":[{"href":"https:\/\/kaeferenergy.no\/en\/wp-json\/wp\/v2\/pages"}],"about":[{"href":"https:\/\/kaeferenergy.no\/en\/wp-json\/wp\/v2\/types\/page"}],"author":[{"embeddable":true,"href":"https:\/\/kaeferenergy.no\/en\/wp-json\/wp\/v2\/users\/2"}],"replies":[{"embeddable":true,"href":"https:\/\/kaeferenergy.no\/en\/wp-json\/wp\/v2\/comments?post=1740"}],"version-history":[{"count":12,"href":"https:\/\/kaeferenergy.no\/en\/wp-json\/wp\/v2\/pages\/1740\/revisions"}],"predecessor-version":[{"id":5074,"href":"https:\/\/kaeferenergy.no\/en\/wp-json\/wp\/v2\/pages\/1740\/revisions\/5074"}],"wp:attachment":[{"href":"https:\/\/kaeferenergy.no\/en\/wp-json\/wp\/v2\/media?parent=1740"}],"curies":[{"name":"wp","href":"https:\/\/api.w.org\/{rel}","templated":true}]}}