{"id":1729,"date":"2022-08-09T13:36:12","date_gmt":"2022-08-09T13:36:12","guid":{"rendered":"https:\/\/kaeferenergy.no\/personvern\/"},"modified":"2022-08-10T14:12:38","modified_gmt":"2022-08-10T14:12:38","slug":"privacy-policy","status":"publish","type":"page","link":"https:\/\/kaeferenergy.no\/en\/privacy-policy\/","title":{"rendered":"Privacy policy"},"content":{"rendered":"<section class=\"l-section wpb_row height_medium\"><div class=\"l-section-h i-cf\"><div class=\"g-cols vc_row via_flex valign_top type_default stacking_default\"><div class=\"vc_col-sm-12 wpb_column vc_column_container\"><div class=\"vc_column-inner\"><div class=\"wpb_wrapper\"><div class=\"wpb_text_column\"><div class=\"wpb_wrapper\"><h1>Privacy Policy<\/h1>\n<\/div><\/div><div class=\"w-separator size_medium\"><\/div><nav class=\"w-menu layout_ver style_links us_menu_1\" style=\"--main-gap:1.5rem;--main-ver-indent:0.8em;--main-hor-indent:0.8em;--main-color:inherit;\"><ul id=\"menu-personvern\" class=\"menu\"><li id=\"menu-item-1521\" class=\"menu-item menu-item-type-post_type menu-item-object-page menu-item-1521\"><a href=\"https:\/\/kaeferenergy.no\/disclaimer\/\">Disclaimer<\/a><\/li><li id=\"menu-item-1522\" class=\"menu-item menu-item-type-post_type menu-item-object-page menu-item-1522\"><a href=\"https:\/\/kaeferenergy.no\/imprint\/\">Imprint<\/a><\/li><li id=\"menu-item-1523\" class=\"menu-item menu-item-type-post_type menu-item-object-page menu-item-1523\"><a href=\"https:\/\/kaeferenergy.no\/cookie-policy-eu\/\">Cookie Policy (EU)<\/a><\/li><li id=\"menu-item-1813\" class=\"menu-item menu-item-type-post_type menu-item-object-page menu-item-1813\"><a rel=\"privacy-policy\" href=\"https:\/\/kaeferenergy.no\/personvernerklaering-eu\/\">Personvernerkl\u00e6ring (EU)<\/a><\/li><li id=\"menu-item-1814\" class=\"menu-item menu-item-type-post_type menu-item-object-page menu-item-1814\"><a href=\"https:\/\/kaeferenergy.no\/cookieerklaering-storbritannia\/\">Cookieerkl\u00e6ring (Storbritannia)<\/a><\/li><li id=\"menu-item-1815\" class=\"menu-item menu-item-type-post_type menu-item-object-page menu-item-1815\"><a href=\"https:\/\/kaeferenergy.no\/personvernerklaering-storbritannia\/\">Personvernerkl\u00e6ring (Storbritannia)<\/a><\/li><\/ul><style>@media ( max-width:600px ){.us_menu_1 .menu{display:block!important}.us_menu_1 .menu>li{margin:0 0 var(--main-gap,1.5rem)!important}}<\/style><\/nav><\/div><\/div><\/div><\/div><\/div><\/section>\n","protected":false},"excerpt":{"rendered":"Privacy Policy DisclaimerImprintCookie Policy (EU)Personvernerkl\u00e6ring (EU)Cookieerkl\u00e6ring (Storbritannia)Personvernerkl\u00e6ring (Storbritannia)","protected":false},"author":2,"featured_media":0,"parent":0,"menu_order":0,"comment_status":"closed","ping_status":"closed","template":"","meta":{"footnotes":""},"class_list":["post-1729","page","type-page","status-publish","hentry"],"acf":[],"yoast_head":"<!-- This site is optimized with the Yoast SEO plugin v22.2 - https:\/\/yoast.com\/wordpress\/plugins\/seo\/ -->\n<title>Privacy policy | KAEFER<\/title>\n<meta name=\"robots\" content=\"index, follow, max-snippet:-1, max-image-preview:large, max-video-preview:-1\" \/>\n<link rel=\"canonical\" href=\"https:\/\/kaeferenergy.no\/en\/privacy-policy\/\" \/>\n<meta property=\"og:locale\" content=\"en_US\" \/>\n<meta property=\"og:type\" content=\"article\" \/>\n<meta property=\"og:title\" content=\"Privacy policy | KAEFER\" \/>\n<meta property=\"og:url\" content=\"https:\/\/kaeferenergy.no\/en\/privacy-policy\/\" \/>\n<meta property=\"og:site_name\" content=\"KAEFER\" \/>\n<meta property=\"article:modified_time\" content=\"2022-08-10T14:12:38+00:00\" \/>\n<meta name=\"twitter:card\" content=\"summary_large_image\" \/>\n<meta name=\"twitter:label1\" content=\"Est. reading time\" \/>\n\t<meta name=\"twitter:data1\" content=\"1 minute\" \/>\n<script type=\"application\/ld+json\" class=\"yoast-schema-graph\">{\"@context\":\"https:\/\/schema.org\",\"@graph\":[{\"@type\":\"WebPage\",\"@id\":\"https:\/\/kaeferenergy.no\/en\/privacy-policy\/\",\"url\":\"https:\/\/kaeferenergy.no\/en\/privacy-policy\/\",\"name\":\"Privacy policy | KAEFER\",\"isPartOf\":{\"@id\":\"https:\/\/kaeferenergy.no\/#website\"},\"datePublished\":\"2022-08-09T13:36:12+00:00\",\"dateModified\":\"2022-08-10T14:12:38+00:00\",\"breadcrumb\":{\"@id\":\"https:\/\/kaeferenergy.no\/en\/privacy-policy\/#breadcrumb\"},\"inLanguage\":\"en-US\",\"potentialAction\":[{\"@type\":\"ReadAction\",\"target\":[\"https:\/\/kaeferenergy.no\/en\/privacy-policy\/\"]}]},{\"@type\":\"BreadcrumbList\",\"@id\":\"https:\/\/kaeferenergy.no\/en\/privacy-policy\/#breadcrumb\",\"itemListElement\":[{\"@type\":\"ListItem\",\"position\":1,\"name\":\"Home\",\"item\":\"https:\/\/kaeferenergy.no\/en\/\"},{\"@type\":\"ListItem\",\"position\":2,\"name\":\"Privacy policy\"}]},{\"@type\":\"WebSite\",\"@id\":\"https:\/\/kaeferenergy.no\/#website\",\"url\":\"https:\/\/kaeferenergy.no\/\",\"name\":\"KAEFER\",\"description\":\"Let&#039;s talk change\",\"publisher\":{\"@id\":\"https:\/\/kaeferenergy.no\/#organization\"},\"potentialAction\":[{\"@type\":\"SearchAction\",\"target\":{\"@type\":\"EntryPoint\",\"urlTemplate\":\"https:\/\/kaeferenergy.no\/?s={search_term_string}\"},\"query-input\":\"required name=search_term_string\"}],\"inLanguage\":\"en-US\"},{\"@type\":\"Organization\",\"@id\":\"https:\/\/kaeferenergy.no\/#organization\",\"name\":\"KAEFER Energy\",\"url\":\"https:\/\/kaeferenergy.no\/\",\"logo\":{\"@type\":\"ImageObject\",\"inLanguage\":\"en-US\",\"@id\":\"https:\/\/kaeferenergy.no\/#\/schema\/logo\/image\/\",\"url\":\"https:\/\/kaeferenergy.no\/wp-content\/uploads\/2022\/06\/logo.svg\",\"contentUrl\":\"https:\/\/kaeferenergy.no\/wp-content\/uploads\/2022\/06\/logo.svg\",\"width\":204,\"height\":25,\"caption\":\"KAEFER Energy\"},\"image\":{\"@id\":\"https:\/\/kaeferenergy.no\/#\/schema\/logo\/image\/\"},\"sameAs\":[\"https:\/\/www.linkedin.com\/company\/kaefer-energy-as\/\"]}]}<\/script>\n<!-- \/ Yoast SEO plugin. -->","yoast_head_json":{"title":"Privacy policy | KAEFER","robots":{"index":"index","follow":"follow","max-snippet":"max-snippet:-1","max-image-preview":"max-image-preview:large","max-video-preview":"max-video-preview:-1"},"canonical":"https:\/\/kaeferenergy.no\/en\/privacy-policy\/","og_locale":"en_US","og_type":"article","og_title":"Privacy policy | KAEFER","og_url":"https:\/\/kaeferenergy.no\/en\/privacy-policy\/","og_site_name":"KAEFER","article_modified_time":"2022-08-10T14:12:38+00:00","twitter_card":"summary_large_image","twitter_misc":{"Est. reading time":"1 minute"},"schema":{"@context":"https:\/\/schema.org","@graph":[{"@type":"WebPage","@id":"https:\/\/kaeferenergy.no\/en\/privacy-policy\/","url":"https:\/\/kaeferenergy.no\/en\/privacy-policy\/","name":"Privacy policy | KAEFER","isPartOf":{"@id":"https:\/\/kaeferenergy.no\/#website"},"datePublished":"2022-08-09T13:36:12+00:00","dateModified":"2022-08-10T14:12:38+00:00","breadcrumb":{"@id":"https:\/\/kaeferenergy.no\/en\/privacy-policy\/#breadcrumb"},"inLanguage":"en-US","potentialAction":[{"@type":"ReadAction","target":["https:\/\/kaeferenergy.no\/en\/privacy-policy\/"]}]},{"@type":"BreadcrumbList","@id":"https:\/\/kaeferenergy.no\/en\/privacy-policy\/#breadcrumb","itemListElement":[{"@type":"ListItem","position":1,"name":"Home","item":"https:\/\/kaeferenergy.no\/en\/"},{"@type":"ListItem","position":2,"name":"Privacy policy"}]},{"@type":"WebSite","@id":"https:\/\/kaeferenergy.no\/#website","url":"https:\/\/kaeferenergy.no\/","name":"KAEFER","description":"Let&#039;s talk change","publisher":{"@id":"https:\/\/kaeferenergy.no\/#organization"},"potentialAction":[{"@type":"SearchAction","target":{"@type":"EntryPoint","urlTemplate":"https:\/\/kaeferenergy.no\/?s={search_term_string}"},"query-input":"required name=search_term_string"}],"inLanguage":"en-US"},{"@type":"Organization","@id":"https:\/\/kaeferenergy.no\/#organization","name":"KAEFER Energy","url":"https:\/\/kaeferenergy.no\/","logo":{"@type":"ImageObject","inLanguage":"en-US","@id":"https:\/\/kaeferenergy.no\/#\/schema\/logo\/image\/","url":"https:\/\/kaeferenergy.no\/wp-content\/uploads\/2022\/06\/logo.svg","contentUrl":"https:\/\/kaeferenergy.no\/wp-content\/uploads\/2022\/06\/logo.svg","width":204,"height":25,"caption":"KAEFER Energy"},"image":{"@id":"https:\/\/kaeferenergy.no\/#\/schema\/logo\/image\/"},"sameAs":["https:\/\/www.linkedin.com\/company\/kaefer-energy-as\/"]}]}},"_links":{"self":[{"href":"https:\/\/kaeferenergy.no\/en\/wp-json\/wp\/v2\/pages\/1729","targetHints":{"allow":["GET"]}}],"collection":[{"href":"https:\/\/kaeferenergy.no\/en\/wp-json\/wp\/v2\/pages"}],"about":[{"href":"https:\/\/kaeferenergy.no\/en\/wp-json\/wp\/v2\/types\/page"}],"author":[{"embeddable":true,"href":"https:\/\/kaeferenergy.no\/en\/wp-json\/wp\/v2\/users\/2"}],"replies":[{"embeddable":true,"href":"https:\/\/kaeferenergy.no\/en\/wp-json\/wp\/v2\/comments?post=1729"}],"version-history":[{"count":3,"href":"https:\/\/kaeferenergy.no\/en\/wp-json\/wp\/v2\/pages\/1729\/revisions"}],"predecessor-version":[{"id":2113,"href":"https:\/\/kaeferenergy.no\/en\/wp-json\/wp\/v2\/pages\/1729\/revisions\/2113"}],"wp:attachment":[{"href":"https:\/\/kaeferenergy.no\/en\/wp-json\/wp\/v2\/media?parent=1729"}],"curies":[{"name":"wp","href":"https:\/\/api.w.org\/{rel}","templated":true}]}}